{"id":21157,"date":"2023-10-10T05:10:56","date_gmt":"2023-10-10T03:10:56","guid":{"rendered":"https:\/\/rentexpressmallorca.com\/sobre-nosotros\/"},"modified":"2026-04-06T15:30:44","modified_gmt":"2026-04-06T13:30:44","slug":"zustellung-zum-flughafen-oder-hotel","status":"publish","type":"page","link":"https:\/\/rentexpressmallorca.com\/de\/zustellung-zum-flughafen-oder-hotel\/","title":{"rendered":"Flughafen &#038; Hotel-Lieferung Mallorca"},"content":{"rendered":"\t\t<div data-elementor-type=\"wp-page\" data-elementor-id=\"21157\" class=\"elementor elementor-21157 elementor-18235\" data-elementor-post-type=\"page\">\n\t\t\t\t\t\t<section class=\"elementor-section elementor-top-section elementor-element elementor-element-6e227c49 elementor-section-boxed elementor-section-height-default elementor-section-height-default\" data-id=\"6e227c49\" data-element_type=\"section\" data-settings=\"{&quot;background_background&quot;:&quot;classic&quot;,&quot;shape_divider_bottom&quot;:&quot;triangle&quot;,&quot;shape_divider_bottom_negative&quot;:&quot;yes&quot;}\">\n\t\t\t\t\t\t\t<div class=\"elementor-background-overlay\"><\/div>\n\t\t\t\t\t\t<div class=\"elementor-shape elementor-shape-bottom\" data-negative=\"true\">\n\t\t\t<svg xmlns=\"http:\/\/www.w3.org\/2000\/svg\" viewBox=\"0 0 1000 100\" preserveAspectRatio=\"none\">\n\t<path class=\"elementor-shape-fill\" d=\"M500.2,94.7L0,0v100h1000V0L500.2,94.7z\"\/>\n<\/svg>\t\t<\/div>\n\t\t\t\t\t<div class=\"elementor-container elementor-column-gap-no\">\n\t\t\t\t\t<div class=\"elementor-column elementor-col-100 elementor-top-column elementor-element elementor-element-5d50b795\" data-id=\"5d50b795\" data-element_type=\"column\">\n\t\t\t<div class=\"elementor-widget-wrap elementor-element-populated\">\n\t\t\t\t\t\t<div class=\"elementor-element elementor-element-76d13b1f elementor-icon-list--layout-inline elementor-align-center elementor-widget__width-auto elementor-list-item-link-full_width elementor-widget elementor-widget-icon-list\" data-id=\"76d13b1f\" data-element_type=\"widget\" data-widget_type=\"icon-list.default\">\n\t\t\t\t<div class=\"elementor-widget-container\">\n\t\t\t<link rel=\"stylesheet\" href=\"https:\/\/rentexpressmallorca.com\/wp-content\/plugins\/elementor\/assets\/css\/widget-icon-list.min.css\">\t\t<ul class=\"elementor-icon-list-items elementor-inline-items\">\n\t\t\t\t\t\t\t<li class=\"elementor-icon-list-item elementor-inline-item\">\n\t\t\t\t\t\t\t\t\t\t\t<a href=\"#\">\n\n\t\t\t\t\t\t\t\t\t\t\t<span class=\"elementor-icon-list-text\">Home<\/span>\n\t\t\t\t\t\t\t\t\t\t\t<\/a>\n\t\t\t\t\t\t\t\t\t<\/li>\n\t\t\t\t\t\t\t\t<li class=\"elementor-icon-list-item elementor-inline-item\">\n\t\t\t\t\t\t\t\t\t\t\t<a href=\"#\">\n\n\t\t\t\t\t\t\t\t\t\t\t\t<span class=\"elementor-icon-list-icon\">\n\t\t\t\t\t\t\t<i aria-hidden=\"true\" class=\"fas fa-angle-right\"><\/i>\t\t\t\t\t\t<\/span>\n\t\t\t\t\t\t\t\t\t\t<span class=\"elementor-icon-list-text\"><\/span>\n\t\t\t\t\t\t\t\t\t\t\t<\/a>\n\t\t\t\t\t\t\t\t\t<\/li>\n\t\t\t\t\t\t<\/ul>\n\t\t\t\t<\/div>\n\t\t\t\t<\/div>\n\t\t\t\t\t<\/div>\n\t\t<\/div>\n\t\t\t\t\t<\/div>\n\t\t<\/section>\n\t\t<div class=\"elementor-element elementor-element-470663e e-flex e-con-boxed e-con e-parent\" data-id=\"470663e\" data-element_type=\"container\" data-settings=\"{&quot;content_width&quot;:&quot;boxed&quot;}\" data-core-v316-plus=\"true\">\n\t\t\t\t\t<div class=\"e-con-inner\">\n\t\t\t\t<div class=\"elementor-element elementor-element-3b4d234 elementor-widget elementor-widget-image\" data-id=\"3b4d234\" data-element_type=\"widget\" data-widget_type=\"image.default\">\n\t\t\t\t<div class=\"elementor-widget-container\">\n\t\t\t<style>\/*! elementor - v3.19.0 - 05-02-2024 *\/\n.elementor-widget-image{text-align:center}.elementor-widget-image a{display:inline-block}.elementor-widget-image a img[src$=\".svg\"]{width:48px}.elementor-widget-image img{vertical-align:middle;display:inline-block}<\/style>\t\t\t\t\t\t\t\t\t\t<img fetchpriority=\"high\" decoding=\"async\" width=\"1024\" height=\"1536\" src=\"https:\/\/rentexpressmallorca.com\/wp-content\/uploads\/2026\/02\/Entrega-y-zonas-en-Mallorca.jpg\" class=\"attachment-full size-full wp-image-30276\" alt=\"Lieferung Mallorca Flughafen Hotel Zonen\" srcset=\"https:\/\/rentexpressmallorca.com\/wp-content\/uploads\/2026\/02\/Entrega-y-zonas-en-Mallorca.jpg 1024w, https:\/\/rentexpressmallorca.com\/wp-content\/uploads\/2026\/02\/Entrega-y-zonas-en-Mallorca-200x300.jpg 200w, https:\/\/rentexpressmallorca.com\/wp-content\/uploads\/2026\/02\/Entrega-y-zonas-en-Mallorca-683x1024.jpg 683w, https:\/\/rentexpressmallorca.com\/wp-content\/uploads\/2026\/02\/Entrega-y-zonas-en-Mallorca-768x1152.jpg 768w\" sizes=\"(max-width: 1024px) 100vw, 1024px\" \/>\t\t\t\t\t\t\t\t\t\t\t\t\t<\/div>\n\t\t\t\t<\/div>\n\t\t\t\t<div class=\"elementor-element elementor-element-cd4dc29 elementor-widget elementor-widget-heading\" data-id=\"cd4dc29\" data-element_type=\"widget\" data-widget_type=\"heading.default\">\n\t\t\t\t<div class=\"elementor-widget-container\">\n\t\t\t<style>\/*! elementor - v3.19.0 - 05-02-2024 *\/\n.elementor-heading-title{padding:0;margin:0;line-height:1}.elementor-widget-heading .elementor-heading-title[class*=elementor-size-]>a{color:inherit;font-size:inherit;line-height:inherit}.elementor-widget-heading .elementor-heading-title.elementor-size-small{font-size:15px}.elementor-widget-heading .elementor-heading-title.elementor-size-medium{font-size:19px}.elementor-widget-heading .elementor-heading-title.elementor-size-large{font-size:29px}.elementor-widget-heading .elementor-heading-title.elementor-size-xl{font-size:39px}.elementor-widget-heading .elementor-heading-title.elementor-size-xxl{font-size:59px}<\/style><h2 class=\"elementor-heading-title elementor-size-default\">\u2708\ufe0f \u00dcbergabe & R\u00fcckgabe am Flughafen Palma<\/h2>\t\t<\/div>\n\t\t\t\t<\/div>\n\t\t\t\t<div class=\"elementor-element elementor-element-5f3e6bb elementor-widget elementor-widget-text-editor\" data-id=\"5f3e6bb\" data-element_type=\"widget\" data-widget_type=\"text-editor.default\">\n\t\t\t\t<div class=\"elementor-widget-container\">\n\t\t\t<style>\/*! elementor - v3.19.0 - 05-02-2024 *\/\n.elementor-widget-text-editor.elementor-drop-cap-view-stacked .elementor-drop-cap{background-color:#69727d;color:#fff}.elementor-widget-text-editor.elementor-drop-cap-view-framed .elementor-drop-cap{color:#69727d;border:3px solid;background-color:transparent}.elementor-widget-text-editor:not(.elementor-drop-cap-view-default) .elementor-drop-cap{margin-top:8px}.elementor-widget-text-editor:not(.elementor-drop-cap-view-default) .elementor-drop-cap-letter{width:1em;height:1em}.elementor-widget-text-editor .elementor-drop-cap{float:left;text-align:center;line-height:1;font-size:50px}.elementor-widget-text-editor .elementor-drop-cap-letter{display:inline-block}<\/style>\t\t\t\t<p data-start=\"155\" data-end=\"266\">Nach Ihrer Ankunft am Flughafen Palma holen Sie bitte zuerst Ihr Gep\u00e4ck ab und kontaktieren uns anschlie\u00dfend:<\/p><p data-start=\"268\" data-end=\"347\">\ud83d\udcf2 <strong data-start=\"271\" data-end=\"284\">WhatsApp<\/strong><strong data-start=\"316\" data-end=\"328\">: <a href=\"https:\/\/wa.me\/34697402352\" target=\"_blank\" rel=\"noopener\">+34 697 40 23 52<\/a><\/strong><\/p><p data-start=\"349\" data-end=\"521\">Nach dem Kontakt verlassen Sie das Terminal und gehen nach drau\u00dfen. Direkt gegen\u00fcber befindet sich das \u00f6ffentliche Parkhaus, wo sich auch die Mietwagenstationen befinden.<\/p><p data-start=\"523\" data-end=\"646\">Der Treffpunkt ist im Erdgeschoss dieses Geb\u00e4udes, vor dem <strong data-start=\"582\" data-end=\"608\">Bar\u00a0 (Coffee Bar)<\/strong>. Dort \u00fcbergeben wir den Kindersitz.<\/p><p data-start=\"648\" data-end=\"754\">Wir sind in der Regel innerhalb von etwa 15 Minuten nach Ihrer Nachricht oder Ihrem Anruf am Treffpunkt.<\/p><p data-start=\"756\" data-end=\"910\">F\u00fcr die R\u00fcckgabe erfolgt die \u00dcbergabe am gleichen Ort. Bitte kontaktieren Sie uns etwa 15 Minuten vor Ihrer Ankunft, damit alles ohne Wartezeit abl\u00e4uft.<\/p><p data-start=\"756\" data-end=\"910\">\ud83d\udc49 Die \u00dcbergabe erfolgt schnell und ohne Wartezeit, damit Sie Ihre Fahrt sofort fortsetzen k\u00f6nnen.<\/p>\t\t\t\t\t\t<\/div>\n\t\t\t\t<\/div>\n\t\t\t\t<div class=\"elementor-element elementor-element-9d9b6d3 elementor-widget elementor-widget-heading\" data-id=\"9d9b6d3\" data-element_type=\"widget\" data-widget_type=\"heading.default\">\n\t\t\t\t<div class=\"elementor-widget-container\">\n\t\t\t<h2 class=\"elementor-heading-title elementor-size-default\">\ud83d\udd01 R\u00fcckgabe<\/h2>\t\t<\/div>\n\t\t\t\t<\/div>\n\t\t\t\t<div class=\"elementor-element elementor-element-d909966 elementor-widget elementor-widget-text-editor\" data-id=\"d909966\" data-element_type=\"widget\" data-widget_type=\"text-editor.default\">\n\t\t\t\t<div class=\"elementor-widget-container\">\n\t\t\t\t\t\t\t<p data-start=\"993\" data-end=\"1076\">Die R\u00fcckgabe erfolgt am gleichen Ort wie die \u00dcbergabe, direkt am Flughafen Palma.<\/p><p data-start=\"1078\" data-end=\"1216\">Bitte kontaktieren Sie uns etwa <strong data-start=\"1110\" data-end=\"1142\">15 Minuten vor Ihrer Ankunft<\/strong>, damit die R\u00fcckgabe ebenfalls schnell und ohne Wartezeit erfolgen kann.<\/p><p data-start=\"1078\" data-end=\"1216\">Au\u00dferhalb der \u00d6ffnungszeiten (09:00\u201319:00) betr\u00e4gt der Flughafenservice (\u00dcbergabe &amp; R\u00fcckgabe) 15 \u20ac.<\/p>\t\t\t\t\t\t<\/div>\n\t\t\t\t<\/div>\n\t\t\t\t\t<\/div>\n\t\t\t\t<\/div>\n\t\t<div class=\"elementor-element elementor-element-7cd57aa e-flex e-con-boxed e-con e-parent\" data-id=\"7cd57aa\" data-element_type=\"container\" data-settings=\"{&quot;content_width&quot;:&quot;boxed&quot;}\" data-core-v316-plus=\"true\">\n\t\t\t\t\t<div class=\"e-con-inner\">\n\t\t\t\t<div class=\"elementor-element elementor-element-a226077 elementor-widget elementor-widget-image\" data-id=\"a226077\" data-element_type=\"widget\" data-widget_type=\"image.default\">\n\t\t\t\t<div class=\"elementor-widget-container\">\n\t\t\t\t\t\t\t\t\t\t\t\t\t<img decoding=\"async\" src=\"https:\/\/rentexpressmallorca.com\/wp-content\/uploads\/2023\/12\/rent-express-mallorca-meeting-point.jpeg\" title=\"treffpunkt bar oasis flughafen palma kindersitz\" alt=\"treffpunkt flughafen palma kindersitz \u00fcbergabe\" loading=\"lazy\" \/>\t\t\t\t\t\t\t\t\t\t\t\t\t<\/div>\n\t\t\t\t<\/div>\n\t\t\t\t<div class=\"elementor-element elementor-element-596d569 elementor-widget elementor-widget-heading\" data-id=\"596d569\" data-element_type=\"widget\" data-widget_type=\"heading.default\">\n\t\t\t\t<div class=\"elementor-widget-container\">\n\t\t\t<h2 class=\"elementor-heading-title elementor-size-default\">Lieferung auf Mallorca<\/h2>\t\t<\/div>\n\t\t\t\t<\/div>\n\t\t\t\t<div class=\"elementor-element elementor-element-3b3ce04 elementor-widget elementor-widget-text-editor\" data-id=\"3b3ce04\" data-element_type=\"widget\" data-widget_type=\"text-editor.default\">\n\t\t\t\t<div class=\"elementor-widget-container\">\n\t\t\t\t\t\t\t<p data-start=\"1600\" data-end=\"1643\"><strong data-start=\"1600\" data-end=\"1620\">Mobilit\u00e4tshilfen<\/strong> liefern wir direkt an:<\/p><ul data-start=\"1645\" data-end=\"1723\"><li data-start=\"1645\" data-end=\"1655\"><p data-start=\"1647\" data-end=\"1655\">Hotels<\/p><\/li><li data-start=\"1656\" data-end=\"1675\"><p data-start=\"1658\" data-end=\"1675\">Ferienwohnungen<\/p><\/li><li data-start=\"1676\" data-end=\"1695\"><p data-start=\"1678\" data-end=\"1695\">Privatwohnungen<\/p><\/li><li data-start=\"1696\" data-end=\"1710\"><p data-start=\"1698\" data-end=\"1710\">Residenzen<\/p><\/li><li data-start=\"1711\" data-end=\"1723\"><p data-start=\"1713\" data-end=\"1723\">Kliniken<\/p><\/li><\/ul><p data-start=\"1725\" data-end=\"1790\">Alle Produkte werden sauber, gepr\u00fcft und einsatzbereit \u00fcbergeben.<\/p>\t\t\t\t\t\t<\/div>\n\t\t\t\t<\/div>\n\t\t\t\t<div class=\"elementor-element elementor-element-ed08569 elementor-widget elementor-widget-heading\" data-id=\"ed08569\" data-element_type=\"widget\" data-widget_type=\"heading.default\">\n\t\t\t\t<div class=\"elementor-widget-container\">\n\t\t\t<h2 class=\"elementor-heading-title elementor-size-default\">\ud83c\udfe8 Baby- und Kinderartikel<\/h2>\t\t<\/div>\n\t\t\t\t<\/div>\n\t\t\t\t<div class=\"elementor-element elementor-element-cc70ec9 elementor-widget elementor-widget-text-editor\" data-id=\"cc70ec9\" data-element_type=\"widget\" data-widget_type=\"text-editor.default\">\n\t\t\t\t<div class=\"elementor-widget-container\">\n\t\t\t\t\t\t\t<p data-start=\"1859\" data-end=\"1890\">Diese Artikel werden geliefert:<\/p><ul data-start=\"1892\" data-end=\"1922\"><li data-start=\"1892\" data-end=\"1911\"><p data-start=\"1894\" data-end=\"1911\">Flughafen Palma<\/p><\/li><li data-start=\"1912\" data-end=\"1922\"><p data-start=\"1914\" data-end=\"1922\">Hotels<\/p><\/li><\/ul><p data-start=\"1924\" data-end=\"1959\">Keine Lieferung an Privatwohnungen.<\/p>\t\t\t\t\t\t<\/div>\n\t\t\t\t<\/div>\n\t\t\t\t<div class=\"elementor-element elementor-element-bffe94b elementor-widget elementor-widget-heading\" data-id=\"bffe94b\" data-element_type=\"widget\" data-widget_type=\"heading.default\">\n\t\t\t\t<div class=\"elementor-widget-container\">\n\t\t\t<h2 class=\"elementor-heading-title elementor-size-default\">\ud83d\udcb3 Zahlung und Kaution<\/h2>\t\t<\/div>\n\t\t\t\t<\/div>\n\t\t\t\t<div class=\"elementor-element elementor-element-bc99f02 elementor-widget elementor-widget-text-editor\" data-id=\"bc99f02\" data-element_type=\"widget\" data-widget_type=\"text-editor.default\">\n\t\t\t\t<div class=\"elementor-widget-container\">\n\t\t\t\t\t\t\t<p data-start=\"2006\" data-end=\"2084\">Alle Lieferungen erfolgen nach Vorauszahlung.<br data-start=\"2051\" data-end=\"2054\" \/>Die Zahlung erfolgt per Karte.<\/p><p data-start=\"2086\" data-end=\"2190\">Je nach Produkt kann eine Kaution erforderlich sein.<br data-start=\"2138\" data-end=\"2141\" \/>Diese wird nach R\u00fcckgabe automatisch freigegeben.<\/p>\t\t\t\t\t\t<\/div>\n\t\t\t\t<\/div>\n\t\t\t\t<div class=\"elementor-element elementor-element-d336182 elementor-widget elementor-widget-heading\" data-id=\"d336182\" data-element_type=\"widget\" data-widget_type=\"heading.default\">\n\t\t\t\t<div class=\"elementor-widget-container\">\n\t\t\t<h2 class=\"elementor-heading-title elementor-size-default\">Wichtige Informationen<\/h2>\t\t<\/div>\n\t\t\t\t<\/div>\n\t\t\t\t<div class=\"elementor-element elementor-element-1ae4376 elementor-widget elementor-widget-text-editor\" data-id=\"1ae4376\" data-element_type=\"widget\" data-widget_type=\"text-editor.default\">\n\t\t\t\t<div class=\"elementor-widget-container\">\n\t\t\t\t\t\t\t<p data-start=\"2222\" data-end=\"2263\">Bitte geben Sie bei der Anfrage immer an:<\/p><ul data-start=\"2265\" data-end=\"2326\"><li data-start=\"2265\" data-end=\"2289\"><p data-start=\"2267\" data-end=\"2289\">Flughafen oder Hotel<\/p><\/li><li data-start=\"2290\" data-end=\"2301\"><p data-start=\"2292\" data-end=\"2301\">Adresse<\/p><\/li><li data-start=\"2302\" data-end=\"2316\"><p data-start=\"2304\" data-end=\"2316\">Flugnummer<\/p><\/li><li data-start=\"2317\" data-end=\"2326\"><p data-start=\"2319\" data-end=\"2326\">Datum<\/p><\/li><\/ul>\t\t\t\t\t\t<\/div>\n\t\t\t\t<\/div>\n\t\t\t\t\t<\/div>\n\t\t\t\t<\/div>\n\t\t\t\t<\/div>\n\t\t","protected":false},"excerpt":{"rendered":"<p>Home \u2708\ufe0f \u00dcbergabe &#038; R\u00fcckgabe am Flughafen Palma Nach Ihrer Ankunft am Flughafen Palma holen Sie bitte zuerst Ihr Gep\u00e4ck ab und kontaktieren uns anschlie\u00dfend: \ud83d\udcf2 WhatsApp: +34 697 40 23 52 Nach dem Kontakt verlassen Sie das Terminal und gehen nach drau\u00dfen. Direkt gegen\u00fcber befindet sich das \u00f6ffentliche Parkhaus, wo sich auch die Mietwagenstationen [&hellip;]<\/p>\n","protected":false},"author":1,"featured_media":32900,"parent":0,"menu_order":0,"comment_status":"closed","ping_status":"closed","template":"","meta":{"site-sidebar-layout":"no-sidebar","site-content-layout":"","ast-site-content-layout":"full-width-container","site-content-style":"default","site-sidebar-style":"default","ast-global-header-display":"","ast-banner-title-visibility":"","ast-main-header-display":"","ast-hfb-above-header-display":"","ast-hfb-below-header-display":"","ast-hfb-mobile-header-display":"","site-post-title":"disabled","ast-breadcrumbs-content":"","ast-featured-img":"disabled","footer-sml-layout":"","ast-disable-related-posts":"","theme-transparent-header-meta":"","adv-header-id-meta":"","stick-header-meta":"","header-above-stick-meta":"","header-main-stick-meta":"","header-below-stick-meta":"","astra-migrate-meta-layouts":"default","ast-page-background-enabled":"default","ast-page-background-meta":{"desktop":{"background-color":"var(--ast-global-color-4)","background-image":"","background-repeat":"repeat","background-position":"center center","background-size":"auto","background-attachment":"scroll","background-type":"","background-media":"","overlay-type":"","overlay-color":"","overlay-opacity":"","overlay-gradient":""},"tablet":{"background-color":"","background-image":"","background-repeat":"repeat","background-position":"center center","background-size":"auto","background-attachment":"scroll","background-type":"","background-media":"","overlay-type":"","overlay-color":"","overlay-opacity":"","overlay-gradient":""},"mobile":{"background-color":"","background-image":"","background-repeat":"repeat","background-position":"center center","background-size":"auto","background-attachment":"scroll","background-type":"","background-media":"","overlay-type":"","overlay-color":"","overlay-opacity":"","overlay-gradient":""}},"ast-content-background-meta":{"desktop":{"background-color":"var(--ast-global-color-5)","background-image":"","background-repeat":"repeat","background-position":"center center","background-size":"auto","background-attachment":"scroll","background-type":"","background-media":"","overlay-type":"","overlay-color":"","overlay-opacity":"","overlay-gradient":""},"tablet":{"background-color":"var(--ast-global-color-5)","background-image":"","background-repeat":"repeat","background-position":"center center","background-size":"auto","background-attachment":"scroll","background-type":"","background-media":"","overlay-type":"","overlay-color":"","overlay-opacity":"","overlay-gradient":""},"mobile":{"background-color":"var(--ast-global-color-5)","background-image":"","background-repeat":"repeat","background-position":"center center","background-size":"auto","background-attachment":"scroll","background-type":"","background-media":"","overlay-type":"","overlay-color":"","overlay-opacity":"","overlay-gradient":""}},"footnotes":""},"class_list":["post-21157","page","type-page","status-publish","has-post-thumbnail","hentry"],"_links":{"self":[{"href":"https:\/\/rentexpressmallorca.com\/de\/wp-json\/wp\/v2\/pages\/21157","targetHints":{"allow":["GET"]}}],"collection":[{"href":"https:\/\/rentexpressmallorca.com\/de\/wp-json\/wp\/v2\/pages"}],"about":[{"href":"https:\/\/rentexpressmallorca.com\/de\/wp-json\/wp\/v2\/types\/page"}],"author":[{"embeddable":true,"href":"https:\/\/rentexpressmallorca.com\/de\/wp-json\/wp\/v2\/users\/1"}],"replies":[{"embeddable":true,"href":"https:\/\/rentexpressmallorca.com\/de\/wp-json\/wp\/v2\/comments?post=21157"}],"version-history":[{"count":194,"href":"https:\/\/rentexpressmallorca.com\/de\/wp-json\/wp\/v2\/pages\/21157\/revisions"}],"predecessor-version":[{"id":39940,"href":"https:\/\/rentexpressmallorca.com\/de\/wp-json\/wp\/v2\/pages\/21157\/revisions\/39940"}],"wp:featuredmedia":[{"embeddable":true,"href":"https:\/\/rentexpressmallorca.com\/de\/wp-json\/wp\/v2\/media\/32900"}],"wp:attachment":[{"href":"https:\/\/rentexpressmallorca.com\/de\/wp-json\/wp\/v2\/media?parent=21157"}],"curies":[{"name":"wp","href":"https:\/\/api.w.org\/{rel}","templated":true}]}}